{"id":352026,"date":"2026-01-08T13:13:33","date_gmt":"2026-01-08T13:13:33","guid":{"rendered":"https:\/\/web-pnz.x-tra.it\/?page_id=352026"},"modified":"2026-01-20T16:49:25","modified_gmt":"2026-01-20T16:49:25","slug":"maison","status":"publish","type":"page","link":"https:\/\/web-pnz.x-tra.it\/en\/maison\/","title":{"rendered":"Maison"},"content":{"rendered":"<div class=\"wpb-content-wrapper\"><div id=\"la-nostra-storia\" class=\"vc_row wpb_row vc_row-fluid qodef-section qodef-content-aligment-left\" style=\"\"><div class=\"clearfix qodef-full-section-inner\"><div class=\"wpb_column vc_column_container vc_col-sm-12 vc_col-lg-5 vc_col-md-12\"><div class=\"vc_column-inner\"><div class=\"wpb_wrapper\"><div class=\"qodef-elements-holder qodef-responsive-mode-768\" ><div class=\"qodef-elements-holder-item\"   data-item-class=\"qodef-elements-holder-custom-151131\" data-1280-1600=\"22% 0% 0% 23%\" data-1024-1280=\"21% 0% 0% 30%\" data-768-1024=\"5% 26% 0% 12%\" data-600-768=\"5% 33% 0% 11%\" data-480-600=\"10% 0% 0% 10%\" data-480=\"10% 0% 0% 10%\">\n    <div class=\"qodef-elements-holder-item-inner\">\n        <div class=\"qodef-elements-holder-item-content qodef-elements-holder-custom-151131\" style=\"padding: 36% 0% 0% 47%\">\n            \n<div class=\"qodef-custom-font-holder\"\n     style=\"font-family: TenorSans-Regular;font-size: 100px;line-height: 110px;font-weight: 300;letter-spacing: -2px;text-align: left;color: #8974754D\"     data-font-size= \"100px\" data-line-height= \"110px\">\n    \u201cOUR\n    <\/div>\n<div class=\"qodef-custom-font-holder\"\n     style=\"font-family: TenorSans-Regular;font-size: 100px;line-height: 110px;font-weight: 300;letter-spacing: -2px;text-align: left;color: #8974754D\"     data-font-size= \"100\" data-line-height= \"110px\">\n    CRAFT IS\u2026\u201d\n    <\/div><div class=\"vc_empty_space\"   style=\"height: 12px\"><span class=\"vc_empty_space_inner\"><\/span><\/div>\n<div class=\"qodef-custom-font-holder eplay-fade-in-up\"\n     style=\"font-family: TenorSans-Regular;font-size: 27px;line-height: 37px;font-weight: 300;text-align: left;color: #2A110D\"     data-font-size= \"27\" data-line-height= \"37\">\n    \u201cPaolo Ponzi is a dream of high-end artisanal jewelry.<br \/>\nOur craft is to make eternal jewels shine.\u201d\n    <\/div>\n\t<div class=\"wpb_text_column wpb_content_element eplay-fade-in-up eplay-delay-2\" >\n\t\t<div class=\"wpb_wrapper\">\n\t\t\t<p>&#8211; Paolo Ponzi<\/p>\n\n\t\t<\/div>\n\t<\/div>\n<div class=\"vc_empty_space\"   style=\"height: 35px\"><span class=\"vc_empty_space_inner\"><\/span><\/div>\n\t<div  class=\"wpb_single_image wpb_content_element vc_align_left wpb_content_element\">\n\t\t\n\t\t<figure class=\"wpb_wrapper vc_figure\">\n\t\t\t<div class=\"vc_single_image-wrapper   vc_box_border_grey\"><img loading=\"lazy\" decoding=\"async\" width=\"300\" height=\"215\" src=\"https:\/\/web-pnz.x-tra.it\/wp-content\/uploads\/2026\/01\/DSC_7220-300x215.png\" class=\"vc_single_image-img attachment-medium\" alt=\"\" title=\"DSC_7220\" srcset=\"https:\/\/web-pnz.x-tra.it\/wp-content\/uploads\/2026\/01\/DSC_7220-300x215.png 300w, https:\/\/web-pnz.x-tra.it\/wp-content\/uploads\/2026\/01\/DSC_7220-768x551.png 768w, https:\/\/web-pnz.x-tra.it\/wp-content\/uploads\/2026\/01\/DSC_7220-18x12.png 18w, https:\/\/web-pnz.x-tra.it\/wp-content\/uploads\/2026\/01\/DSC_7220-600x430.png 600w, https:\/\/web-pnz.x-tra.it\/wp-content\/uploads\/2026\/01\/DSC_7220.png 1000w\" sizes=\"auto, (max-width: 300px) 100vw, 300px\" \/><\/div>\n\t\t<\/figure>\n\t<\/div>\n        <\/div>\n    <\/div>\n<\/div><\/div><\/div><\/div><\/div><div class=\"wpb_column vc_column_container vc_col-sm-12 vc_col-lg-7 vc_col-md-12\"><div class=\"vc_column-inner\"><div class=\"wpb_wrapper\">\n\t<div  class=\"wpb_single_image wpb_content_element vc_align_right wpb_content_element\">\n\t\t\n\t\t<figure class=\"wpb_wrapper vc_figure\">\n\t\t\t<div class=\"vc_single_image-wrapper   vc_box_border_grey\"><img loading=\"lazy\" decoding=\"async\" width=\"697\" height=\"798\" src=\"https:\/\/web-pnz.x-tra.it\/wp-content\/uploads\/2026\/01\/IMG-PONZI.jpg\" class=\"vc_single_image-img attachment-full\" alt=\"\" title=\"IMG-PONZI\" srcset=\"https:\/\/web-pnz.x-tra.it\/wp-content\/uploads\/2026\/01\/IMG-PONZI.jpg 697w, https:\/\/web-pnz.x-tra.it\/wp-content\/uploads\/2026\/01\/IMG-PONZI-262x300.jpg 262w, https:\/\/web-pnz.x-tra.it\/wp-content\/uploads\/2026\/01\/IMG-PONZI-10x12.jpg 10w, https:\/\/web-pnz.x-tra.it\/wp-content\/uploads\/2026\/01\/IMG-PONZI-600x687.jpg 600w\" sizes=\"auto, (max-width: 697px) 100vw, 697px\" \/><\/div>\n\t\t<\/figure>\n\t<\/div>\n<\/div><\/div><\/div><\/div><\/div><div class=\"vc_row wpb_row vc_row-fluid qodef-section row-double-clm vc_custom_1768465459684 qodef-content-aligment-left\" style=\"\"><div class=\"clearfix qodef-full-section-inner\"><div class=\"wpb_column vc_column_container vc_col-sm-3\"><div class=\"vc_column-inner\"><div class=\"wpb_wrapper\"><\/div><\/div><\/div><div class=\"wpb_column vc_column_container vc_col-sm-3\"><div class=\"vc_column-inner\"><div class=\"wpb_wrapper\">\n\t<div class=\"wpb_text_column wpb_content_element eplay-fade-in-up\" >\n\t\t<div class=\"wpb_wrapper\">\n\t\t\t<p>Since 1986, Paolo Ponzi Jewelry has been a point of reference in Bagnacavallo, in the province of Ravenna, for those seeking unique, high-quality handcrafted jewelry. From the very beginning, the philosophy has been clear: to combine Italian goldsmithing tradition with continuous research into precious materials and innovative design. Each creation is born in the in-house workshop, where 18-karat gold and carefully selected natural gemstones become expressions of elegance and identity.<\/p>\n\n\t\t<\/div>\n\t<\/div>\n<\/div><\/div><\/div><div class=\"wpb_column vc_column_container vc_col-sm-3\"><div class=\"vc_column-inner vc_custom_1767878228135\"><div class=\"wpb_wrapper\">\n\t<div class=\"wpb_text_column wpb_content_element eplay-fade-in-up\" >\n\t\t<div class=\"wpb_wrapper\">\n\t\t\t<p>Over more than forty years of activity, the Maison has evolved while remaining faithful to its artisanal vocation, growing alongside the local community and distinguishing itself through attention to detail, reliability, and the ability to transform emotion into jewelry.<\/p>\n\n\t\t<\/div>\n\t<\/div>\n<\/div><\/div><\/div><div class=\"wpb_column vc_column_container vc_col-sm-3\"><div class=\"vc_column-inner\"><div class=\"wpb_wrapper\"><\/div><\/div><\/div><\/div><\/div><div class=\"vc_row wpb_row vc_row-fluid qodef-section qodef-content-aligment-left\" style=\"\"><div class=\"clearfix qodef-full-section-inner\"><div class=\"wpb_column vc_column_container vc_col-sm-12\"><div class=\"vc_column-inner\"><div class=\"wpb_wrapper\">  <div class=\"inner-multiple-btn-wrapper\">\r\n      <div class=\"inner-multiple-btn-inner\">\r\n          <div class=\"inner-single-btn\">\r\n              <a href=\"https:\/\/web-pnz.x-tra.it\/servizi-post-vendita\/#customer-service\">Customer Support<\/a>\r\n          <\/div>\r\n          <div class=\"inner-single-btn\">\r\n              <a href=\"https:\/\/web-pnz.x-tra.it\/servizi-post-vendita\/\">After-Sales Services<\/a>\r\n          <\/div>\r\n          <div class=\"inner-single-btn\">\r\n              <a href=\"https:\/\/web-pnz.x-tra.it\/servizi-perizie-e-consulenze\/\">Appraisals, Valuations, and Consultations<\/a>\r\n          <\/div>\r\n          <div class=\"inner-single-btn\">\r\n              <a href=\"https:\/\/web-pnz.x-tra.it\/servizi-restauri\/\">Restorations<\/a>\r\n          <\/div>\r\n          <div class=\"inner-single-btn\">\r\n              <a href=\"https:\/\/web-pnz.x-tra.it\/laboratori\/\">Paolo Ponzi Workshops<\/a>\r\n          <\/div>\r\n      <\/div>\r\n  <\/div>\r\n\n\t<div class=\"wpb_text_column wpb_content_element\" >\n\t\t<div class=\"wpb_wrapper\">\n\t\t\t\n\n\t\t<\/div>\n\t<\/div>\n<\/div><\/div><\/div><\/div><\/div><div class=\"vc_row wpb_row vc_row-fluid qodef-section maison-row-image-txt qodef-content-aligment-left\" style=\"\"><div class=\"clearfix qodef-full-section-inner\"><div class=\"wpb_column vc_column_container vc_col-sm-6\"><div class=\"vc_column-inner\"><div class=\"wpb_wrapper\">\n\t<div  class=\"wpb_single_image wpb_content_element vc_align_left wpb_content_element\">\n\t\t\n\t\t<figure class=\"wpb_wrapper vc_figure\">\n\t\t\t<div class=\"vc_single_image-wrapper   vc_box_border_grey\"><img loading=\"lazy\" decoding=\"async\" width=\"2000\" height=\"1340\" src=\"https:\/\/web-pnz.x-tra.it\/wp-content\/uploads\/2026\/01\/IMG-PONZI-2-1.jpg\" class=\"vc_single_image-img attachment-full\" alt=\"\" title=\"IMG-PONZI-2\" srcset=\"https:\/\/web-pnz.x-tra.it\/wp-content\/uploads\/2026\/01\/IMG-PONZI-2-1.jpg 2000w, https:\/\/web-pnz.x-tra.it\/wp-content\/uploads\/2026\/01\/IMG-PONZI-2-1-300x201.jpg 300w, https:\/\/web-pnz.x-tra.it\/wp-content\/uploads\/2026\/01\/IMG-PONZI-2-1-1024x686.jpg 1024w, https:\/\/web-pnz.x-tra.it\/wp-content\/uploads\/2026\/01\/IMG-PONZI-2-1-768x515.jpg 768w, https:\/\/web-pnz.x-tra.it\/wp-content\/uploads\/2026\/01\/IMG-PONZI-2-1-1000x670.jpg 1000w, https:\/\/web-pnz.x-tra.it\/wp-content\/uploads\/2026\/01\/IMG-PONZI-2-1-1536x1029.jpg 1536w, https:\/\/web-pnz.x-tra.it\/wp-content\/uploads\/2026\/01\/IMG-PONZI-2-1-18x12.jpg 18w, https:\/\/web-pnz.x-tra.it\/wp-content\/uploads\/2026\/01\/IMG-PONZI-2-1-600x402.jpg 600w\" sizes=\"auto, (max-width: 2000px) 100vw, 2000px\" \/><\/div>\n\t\t<\/figure>\n\t<\/div>\n<\/div><\/div><\/div><div class=\"wpb_column vc_column_container vc_col-sm-6\"><div class=\"vc_column-inner\"><div class=\"wpb_wrapper\">\n<div class=\"qodef-custom-font-holder eplay-fade-in-up\"\n     style=\"font-family: TenorSans-Regular;font-size: 35px;line-height: 40px;font-weight: 400;color: #59843C\"     data-font-size= \"35\" data-line-height= \"40\">\n    Generational Transition\n    <\/div><div class=\"vc_empty_space\"   style=\"height: 12px\"><span class=\"vc_empty_space_inner\"><\/span><\/div>\n\t<div class=\"wpb_text_column wpb_content_element eplay-fade-in-up eplay-delay-2\" >\n\t\t<div class=\"wpb_wrapper\">\n\t\t\t<p>Since 2019, the leadership of the jewelry house has been entrusted to Francesco, Paolo\u2019s son, who has embraced the family legacy with courage and vision. His experience is rooted in many years working in the precious gemstone sector, with international training and a gemological diploma obtained from the IGI in Antwerp. After collaborating with luxury companies and leading jewelry brands, Francesco brought valuable expertise to the boutique: the careful selection of gemstones, the pursuit of the finest qualities, and close attention to the needs of an increasingly discerning clientele.<\/p>\n\n\t\t<\/div>\n\t<\/div>\n<\/div><\/div><\/div><\/div><\/div><div id=\"anniversario\" class=\"vc_row wpb_row vc_row-fluid qodef-section row-different-mobile-size qodef-content-aligment-left\" style=\"\"><div class=\"clearfix qodef-full-section-inner\"><div class=\"wpb_column vc_column_container vc_col-sm-12\"><div class=\"vc_column-inner\"><div class=\"wpb_wrapper\">  <div class=\"inner-maison-img-txt\">\r\n      <div class=\"inner-maison-img-txt\">\r\n          <img decoding=\"async\" class=\"eplay-fade-in-up\" src=\"https:\/\/web-pnz.x-tra.it\/wp-content\/uploads\/2026\/01\/LOGO.png\">\r\n          <p class=\"eplay-fade-in-up eplay-delay-2\">Today, the Paolo Ponzi workshop represents a synthesis of craftsmanship and technology, where each creation passes through the skilled hands of Francesco and his team, continuing to write a family story shaped by passion, innovation, and authenticity.<\/p>\r\n      <\/div>\r\n  <\/div>\r\n\n\t<div class=\"wpb_text_column wpb_content_element\" >\n\t\t<div class=\"wpb_wrapper\">\n\t\t\t\n\n\t\t<\/div>\n\t<\/div>\n<\/div><\/div><\/div><\/div><\/div><div class=\"vc_row wpb_row vc_row-fluid qodef-section row-different-mobile-size vc_custom_1768465711216 qodef-content-aligment-left\" style=\"\"><div class=\"clearfix qodef-full-section-inner\"><div class=\"wpb_column vc_column_container vc_col-sm-12\"><div class=\"vc_column-inner\"><div class=\"wpb_wrapper\">\n\t<div  class=\"wpb_single_image wpb_content_element vc_align_left wpb_content_element  absolute-image\">\n\t\t\n\t\t<figure class=\"wpb_wrapper vc_figure\">\n\t\t\t<div class=\"vc_single_image-wrapper   vc_box_border_grey\"><img loading=\"lazy\" decoding=\"async\" width=\"1708\" height=\"2560\" src=\"https:\/\/web-pnz.x-tra.it\/wp-content\/uploads\/2026\/01\/paolo-ponzi-jewels-scaled.png\" class=\"vc_single_image-img attachment-full\" alt=\"\" title=\"paolo-ponzi-jewels\" srcset=\"https:\/\/web-pnz.x-tra.it\/wp-content\/uploads\/2026\/01\/paolo-ponzi-jewels-scaled.png 1708w, https:\/\/web-pnz.x-tra.it\/wp-content\/uploads\/2026\/01\/paolo-ponzi-jewels-200x300.png 200w, https:\/\/web-pnz.x-tra.it\/wp-content\/uploads\/2026\/01\/paolo-ponzi-jewels-683x1024.png 683w, https:\/\/web-pnz.x-tra.it\/wp-content\/uploads\/2026\/01\/paolo-ponzi-jewels-768x1151.png 768w, https:\/\/web-pnz.x-tra.it\/wp-content\/uploads\/2026\/01\/paolo-ponzi-jewels-667x1000.png 667w, https:\/\/web-pnz.x-tra.it\/wp-content\/uploads\/2026\/01\/paolo-ponzi-jewels-1025x1536.png 1025w, https:\/\/web-pnz.x-tra.it\/wp-content\/uploads\/2026\/01\/paolo-ponzi-jewels-1366x2048.png 1366w, https:\/\/web-pnz.x-tra.it\/wp-content\/uploads\/2026\/01\/paolo-ponzi-jewels-8x12.png 8w, https:\/\/web-pnz.x-tra.it\/wp-content\/uploads\/2026\/01\/paolo-ponzi-jewels-600x899.png 600w\" sizes=\"auto, (max-width: 1708px) 100vw, 1708px\" \/><\/div>\n\t\t<\/figure>\n\t<\/div>\n\n<div class=\"qodef-custom-font-holder eplay-fade-in-up\"\n     style=\"font-family: TenorSans-Regular;font-size: 35px;line-height: 40px;font-weight: 400;text-align: center;color: #2A110D\"     data-font-size= \"35\" data-line-height= \"40\">\n    Come and discover our story.\n    <\/div>\n\t<div class=\"wpb_text_column wpb_content_element eplay-fade-in-up eplay-delay-2\" >\n\t\t<div class=\"wpb_wrapper\">\n\t\t\t<p style=\"text-align: center;\">We look forward to welcoming you to our boutique to celebrate together 40 years of goldsmithing art.<\/p>\n\n\t\t<\/div>\n\t<\/div>\n<div class=\"vc_empty_space\"   style=\"height: 30px\"><span class=\"vc_empty_space_inner\"><\/span><\/div><div class=\"eplay-wp-button-wrap btn-center\" style=\"text-align:center;\"><a class=\"eplay-wp-button eplay-fade-in-up eplay-delay-3 is-underline\" href=\"https:\/\/web-pnz.x-tra.it\/contatti\/\" style=\"--btn-color:#59843C;--btn-hover-color:#842835;\">Where We Are<\/a><\/div><\/div><\/div><\/div><\/div><\/div><div data-qodef-parallax-speed=\"1\" class=\"vc_row wpb_row vc_row-fluid qodef-section vc_custom_1768235237088 qodef-content-aligment-center qodef-parallax-section-holder qodef-parallax-section-holder-touch-disabled\" style=\"--qodef-parallax-bg:url(https:\/\/web-pnz.x-tra.it\/wp-content\/uploads\/2026\/01\/BANNER-PARALAX-MAISON-1.jpg);\"><div class=\"clearfix qodef-full-section-inner\"><div class=\"wpb_column vc_column_container vc_col-sm-12\"><div class=\"vc_column-inner\"><div class=\"wpb_wrapper\"><div class=\"qodef-testimonials-holder qodef-grid-section clearfix\"><div class=\"qodef-testimonials qodef-section-inner standard light\"  data-autoplay-timeout =\"5\" data-type =\"standard\"><div id=\"qodef-testimonials773\" class=\"qodef-testimonial-content\">\r\n\t<div class=\"qodef-testimonial-content-inner\">\r\n                            <h2 class=\"qodef-testimonial-title\">\r\n                Fedi nuziali            <\/h2>\r\n                <h5 class=\"qodef-testimonial-text\">\r\n            \u201cSiamo contentissimi di avere scelto le nostre fedi presso Paolo Ponzi Gioielli in quanto oltre alla qualit\u00e0 indubbia dei prodotti finali, siamo stati accolti e supportati fin da subito con massima cordialit\u00e0, competenza, professionalit\u00e0 e pazienza. Pienamente soddisfatti, consigliatissimo\u201d        <\/h5>\r\n                    <div class=\"qodef-testimonial-author\">\r\n                <h6 class=\"qodef-testimonial-author-text\">\r\n                    S.                <\/h6>\r\n                            <\/div>\r\n        \t<\/div>\r\n<\/div><div id=\"qodef-testimonials772\" class=\"qodef-testimonial-content\">\r\n\t<div class=\"qodef-testimonial-content-inner\">\r\n                            <h2 class=\"qodef-testimonial-title\">\r\n                Ottima esperienza per fedi nuziali            <\/h2>\r\n                <h5 class=\"qodef-testimonial-text\">\r\n            \u201cCi siamo rivolti a Ponzi per le nostri fedi nuziali perch\u00e8 certi della loro professionalit\u00e0, oltre ad avere vasta una scelta, ci hanno saputo consigliare seguendo le nostre richieste. Siamo molto soddisfatti\u201d        <\/h5>\r\n                    <div class=\"qodef-testimonial-author\">\r\n                <h6 class=\"qodef-testimonial-author-text\">\r\n                    G.                <\/h6>\r\n                            <\/div>\r\n        \t<\/div>\r\n<\/div><div id=\"qodef-testimonials769\" class=\"qodef-testimonial-content\">\r\n\t<div class=\"qodef-testimonial-content-inner\">\r\n                            <h2 class=\"qodef-testimonial-title\">\r\n                Fedi da sogno            <\/h2>\r\n                <h5 class=\"qodef-testimonial-text\">\r\n            \u201cAmpia scelta, professionalit\u00e0 nella consulenza e rapidit\u00e0 nella realizzazione. Un simbolo importante, reso perfetto\u201d        <\/h5>\r\n                    <div class=\"qodef-testimonial-author\">\r\n                <h6 class=\"qodef-testimonial-author-text\">\r\n                    R.                <\/h6>\r\n                            <\/div>\r\n        \t<\/div>\r\n<\/div><div id=\"qodef-testimonials352143\" class=\"qodef-testimonial-content\">\r\n\t<div class=\"qodef-testimonial-content-inner\">\r\n                            <h2 class=\"qodef-testimonial-title\">\r\n                Li consiglierei ad Amici e Parenti            <\/h2>\r\n                <h5 class=\"qodef-testimonial-text\">\r\n            \u201cCi siamo rivolti a loro per puro caso, osservando anelli che ci piacevano, in mostra nella loro vetrina mentre effettuavamo una passeggiata e seppur noi di ravenna, anche dopo aver visionato altre gioiellerie pi\u00f9 vicino a casa nostra, abbiamo deciso di rivolgerci a loro . Professionalit\u00e0, gentilezza e disponibilita al Massimo. Sicuramente li consiglier\u00f2 ad amici e parenti\u201d        <\/h5>\r\n                    <div class=\"qodef-testimonial-author\">\r\n                <h6 class=\"qodef-testimonial-author-text\">\r\n                    F.                <\/h6>\r\n                            <\/div>\r\n        \t<\/div>\r\n<\/div><\/div><div class=\"owl-buttons\"><div class=\"owl-prev\"><span class=\"qodef-prev-icon\"><i class=\"fa fa-angle-left\"><\/i><\/span><\/div><div class=\"owl-next\"><span class=\"qodef-next-icon\"><i class=\"fa fa-angle-right\"><\/i><\/span><\/div><\/div><\/div><\/div><\/div><\/div><\/div><\/div><div class=\"vc_row wpb_row vc_row-fluid qodef-section row-sticky qodef-content-aligment-left\" style=\"\"><div class=\"clearfix qodef-full-section-inner\"><div class=\"wpb_column vc_column_container vc_col-sm-12\"><div class=\"vc_column-inner\"><div class=\"wpb_wrapper\"><div class=\"eplay-grad-btn-wrap\"><a class=\"eplay-grad-btn is-anim-sweep\" href=\"https:\/\/web-pnz.x-tra.it\/prenota-un-appuntamento\/\" style=\"--grad-angle:90deg;--grad-c1:#59843C;--grad-c2:#9AD473;--grad-c3:#59843C;--grad-bg-size:200% 100%;--grad-speed:5s;--btn-radius:45px 45px 0 0;--btn-py:40px;--btn-px:0;--btn-text-color:#ffffff;--btn-shadow:none;\">BOOK AN APPOINTMENT<\/a><\/div><\/div><\/div><\/div><\/div><\/div>\n<\/div>","protected":false},"excerpt":{"rendered":"","protected":false},"author":1,"featured_media":0,"parent":0,"menu_order":0,"comment_status":"closed","ping_status":"closed","template":"full-width.php","meta":{"inline_featured_image":false,"footnotes":""},"class_list":["post-352026","page","type-page","status-publish","hentry"],"_links":{"self":[{"href":"https:\/\/web-pnz.x-tra.it\/en\/wp-json\/wp\/v2\/pages\/352026","targetHints":{"allow":["GET"]}}],"collection":[{"href":"https:\/\/web-pnz.x-tra.it\/en\/wp-json\/wp\/v2\/pages"}],"about":[{"href":"https:\/\/web-pnz.x-tra.it\/en\/wp-json\/wp\/v2\/types\/page"}],"author":[{"embeddable":true,"href":"https:\/\/web-pnz.x-tra.it\/en\/wp-json\/wp\/v2\/users\/1"}],"replies":[{"embeddable":true,"href":"https:\/\/web-pnz.x-tra.it\/en\/wp-json\/wp\/v2\/comments?post=352026"}],"version-history":[{"count":63,"href":"https:\/\/web-pnz.x-tra.it\/en\/wp-json\/wp\/v2\/pages\/352026\/revisions"}],"predecessor-version":[{"id":352334,"href":"https:\/\/web-pnz.x-tra.it\/en\/wp-json\/wp\/v2\/pages\/352026\/revisions\/352334"}],"wp:attachment":[{"href":"https:\/\/web-pnz.x-tra.it\/en\/wp-json\/wp\/v2\/media?parent=352026"}],"curies":[{"name":"wp","href":"https:\/\/api.w.org\/{rel}","templated":true}]}}